{"id":264,"date":"2024-11-25T21:13:32","date_gmt":"2024-11-25T20:13:32","guid":{"rendered":"https:\/\/fundacionsiendo.com\/?page_id=264"},"modified":"2024-11-25T21:13:33","modified_gmt":"2024-11-25T20:13:33","slug":"facilitar-la-creacion-de-comunidades-de-ninos-jovenes-y-familias-que-viven-con-enfermedades-endocrinologicas-cronicas","status":"publish","type":"page","link":"https:\/\/fundacionsiendo.com\/en\/facilitar-la-creacion-de-comunidades-de-ninos-jovenes-y-familias-que-viven-con-enfermedades-endocrinologicas-cronicas\/","title":{"rendered":"Facilitar la creaci\u00f3n de comunidades de ni\u00f1os, j\u00f3venes y familias que viven con enfermedades endocrinol\u00f3gicas cr\u00f3nicas"},"content":{"rendered":"","protected":false},"excerpt":{"rendered":"","protected":false},"author":2,"featured_media":0,"parent":0,"menu_order":0,"comment_status":"closed","ping_status":"closed","template":"","meta":{"footnotes":""},"class_list":["post-264","page","type-page","status-publish","hentry"],"_links":{"self":[{"href":"https:\/\/fundacionsiendo.com\/en\/wp-json\/wp\/v2\/pages\/264","targetHints":{"allow":["GET"]}}],"collection":[{"href":"https:\/\/fundacionsiendo.com\/en\/wp-json\/wp\/v2\/pages"}],"about":[{"href":"https:\/\/fundacionsiendo.com\/en\/wp-json\/wp\/v2\/types\/page"}],"author":[{"embeddable":true,"href":"https:\/\/fundacionsiendo.com\/en\/wp-json\/wp\/v2\/users\/2"}],"replies":[{"embeddable":true,"href":"https:\/\/fundacionsiendo.com\/en\/wp-json\/wp\/v2\/comments?post=264"}],"version-history":[{"count":1,"href":"https:\/\/fundacionsiendo.com\/en\/wp-json\/wp\/v2\/pages\/264\/revisions"}],"predecessor-version":[{"id":265,"href":"https:\/\/fundacionsiendo.com\/en\/wp-json\/wp\/v2\/pages\/264\/revisions\/265"}],"wp:attachment":[{"href":"https:\/\/fundacionsiendo.com\/en\/wp-json\/wp\/v2\/media?parent=264"}],"curies":[{"name":"wp","href":"https:\/\/api.w.org\/{rel}","templated":true}]}}