{"id":257,"date":"2024-11-25T20:19:49","date_gmt":"2024-11-25T19:19:49","guid":{"rendered":"https:\/\/fundacionsiendo.com\/?page_id=257"},"modified":"2024-11-25T20:19:49","modified_gmt":"2024-11-25T19:19:49","slug":"ayuda-para-garantizar-el-acceso-a-un-servicio-medico-optimo-para-ninos-y-jovenes-que-viven-con-enfermedades-endocrinologicas-cronicas","status":"publish","type":"page","link":"https:\/\/fundacionsiendo.com\/en\/ayuda-para-garantizar-el-acceso-a-un-servicio-medico-optimo-para-ninos-y-jovenes-que-viven-con-enfermedades-endocrinologicas-cronicas\/","title":{"rendered":"Ayuda para Garantizar el Acceso a un Servicio M\u00e9dico \u00d3ptimo para ni\u00f1os y j\u00f3venes que viven con enfermedades endocrinol\u00f3gicas cr\u00f3nicas"},"content":{"rendered":"","protected":false},"excerpt":{"rendered":"","protected":false},"author":2,"featured_media":0,"parent":0,"menu_order":0,"comment_status":"closed","ping_status":"closed","template":"","meta":{"footnotes":""},"class_list":["post-257","page","type-page","status-publish","hentry"],"_links":{"self":[{"href":"https:\/\/fundacionsiendo.com\/en\/wp-json\/wp\/v2\/pages\/257","targetHints":{"allow":["GET"]}}],"collection":[{"href":"https:\/\/fundacionsiendo.com\/en\/wp-json\/wp\/v2\/pages"}],"about":[{"href":"https:\/\/fundacionsiendo.com\/en\/wp-json\/wp\/v2\/types\/page"}],"author":[{"embeddable":true,"href":"https:\/\/fundacionsiendo.com\/en\/wp-json\/wp\/v2\/users\/2"}],"replies":[{"embeddable":true,"href":"https:\/\/fundacionsiendo.com\/en\/wp-json\/wp\/v2\/comments?post=257"}],"version-history":[{"count":1,"href":"https:\/\/fundacionsiendo.com\/en\/wp-json\/wp\/v2\/pages\/257\/revisions"}],"predecessor-version":[{"id":258,"href":"https:\/\/fundacionsiendo.com\/en\/wp-json\/wp\/v2\/pages\/257\/revisions\/258"}],"wp:attachment":[{"href":"https:\/\/fundacionsiendo.com\/en\/wp-json\/wp\/v2\/media?parent=257"}],"curies":[{"name":"wp","href":"https:\/\/api.w.org\/{rel}","templated":true}]}}